{"id":1545,"date":"2021-02-25T00:47:25","date_gmt":"2021-02-25T00:47:25","guid":{"rendered":"https:\/\/www.tracepigen.com\/about\/"},"modified":"2021-08-11T12:18:04","modified_gmt":"2021-08-11T12:18:04","slug":"o-nama","status":"publish","type":"page","link":"https:\/\/www.tracepigen.com\/sr\/o-nama\/","title":{"rendered":"O nama"},"content":{"rendered":"\t\t<div data-elementor-type=\"wp-page\" data-elementor-id=\"1545\" class=\"elementor elementor-1545 elementor-127\" data-elementor-post-type=\"page\">\n\t\t\t\t\t\t<section class=\"elementor-section elementor-top-section elementor-element elementor-element-6747208 elementor-section-full_width elementor-section-height-min-height elementor-section-height-default elementor-section-items-middle\" data-id=\"6747208\" data-element_type=\"section\" data-settings=\"{&quot;background_background&quot;:&quot;classic&quot;}\">\n\t\t\t\t\t\t\t<div class=\"elementor-background-overlay\"><\/div>\n\t\t\t\t\t\t\t<div class=\"elementor-container elementor-column-gap-no\">\n\t\t\t\t\t<div class=\"elementor-column elementor-col-100 elementor-top-column elementor-element elementor-element-fa1e715\" data-id=\"fa1e715\" data-element_type=\"column\">\n\t\t\t<div class=\"elementor-widget-wrap elementor-element-populated\">\n\t\t\t\t\t\t<section class=\"elementor-section elementor-inner-section elementor-element elementor-element-5b7d7f2 elementor-section-boxed elementor-section-height-default elementor-section-height-default\" data-id=\"5b7d7f2\" data-element_type=\"section\">\n\t\t\t\t\t\t<div class=\"elementor-container elementor-column-gap-no\">\n\t\t\t\t\t<div class=\"elementor-column elementor-col-50 elementor-inner-column elementor-element elementor-element-f26792e\" data-id=\"f26792e\" data-element_type=\"column\">\n\t\t\t<div class=\"elementor-widget-wrap elementor-element-populated\">\n\t\t\t\t\t\t<div class=\"elementor-element elementor-element-edf076f elementor-widget elementor-widget-heading\" data-id=\"edf076f\" data-element_type=\"widget\" data-widget_type=\"heading.default\">\n\t\t\t\t<div class=\"elementor-widget-container\">\n\t\t\t\t\t<h2 class=\"elementor-heading-title elementor-size-xl\">O nama<\/h2>\t\t\t\t<\/div>\n\t\t\t\t<\/div>\n\t\t\t\t\t<\/div>\n\t\t<\/div>\n\t\t\t\t<div class=\"elementor-column elementor-col-50 elementor-inner-column elementor-element elementor-element-65b3f3f\" data-id=\"65b3f3f\" data-element_type=\"column\">\n\t\t\t<div class=\"elementor-widget-wrap elementor-element-populated\">\n\t\t\t\t\t\t<div class=\"elementor-element elementor-element-ea147d7 elementor-widget__width-auto elementor-icon-list--layout-traditional elementor-list-item-link-full_width elementor-widget elementor-widget-icon-list\" data-id=\"ea147d7\" data-element_type=\"widget\" data-widget_type=\"icon-list.default\">\n\t\t\t\t<div class=\"elementor-widget-container\">\n\t\t\t\t\t\t\t<ul class=\"elementor-icon-list-items\">\n\t\t\t\t\t\t\t<li class=\"elementor-icon-list-item\">\n\t\t\t\t\t\t\t\t\t\t\t<a href=\"https:\/\/www.tracepigen.com\/sr\/\">\n\n\t\t\t\t\t\t\t\t\t\t\t\t<span class=\"elementor-icon-list-icon\">\n\t\t\t\t\t\t\t<i aria-hidden=\"true\" class=\"fas fa-home\"><\/i>\t\t\t\t\t\t<\/span>\n\t\t\t\t\t\t\t\t\t\t<span class=\"elementor-icon-list-text\">Home<\/span>\n\t\t\t\t\t\t\t\t\t\t\t<\/a>\n\t\t\t\t\t\t\t\t\t<\/li>\n\t\t\t\t\t\t<\/ul>\n\t\t\t\t\t\t<\/div>\n\t\t\t\t<\/div>\n\t\t\t\t<div class=\"elementor-element elementor-element-6fe0b4b elementor-widget__width-auto elementor-widget elementor-widget-heading\" data-id=\"6fe0b4b\" data-element_type=\"widget\" data-widget_type=\"heading.default\">\n\t\t\t\t<div class=\"elementor-widget-container\">\n\t\t\t\t\t<span class=\"elementor-heading-title elementor-size-default\">><\/span>\t\t\t\t<\/div>\n\t\t\t\t<\/div>\n\t\t\t\t<div class=\"elementor-element elementor-element-c6f8896 elementor-widget__width-auto elementor-widget elementor-widget-heading\" data-id=\"c6f8896\" data-element_type=\"widget\" data-widget_type=\"heading.default\">\n\t\t\t\t<div class=\"elementor-widget-container\">\n\t\t\t\t\t<span class=\"elementor-heading-title elementor-size-default\">O nama<\/span>\t\t\t\t<\/div>\n\t\t\t\t<\/div>\n\t\t\t\t\t<\/div>\n\t\t<\/div>\n\t\t\t\t\t<\/div>\n\t\t<\/section>\n\t\t\t\t\t<\/div>\n\t\t<\/div>\n\t\t\t\t\t<\/div>\n\t\t<\/section>\n\t\t\t\t<section class=\"elementor-section elementor-top-section elementor-element elementor-element-ce505f1 elementor-section-content-middle elementor-section-boxed elementor-section-height-default elementor-section-height-default\" data-id=\"ce505f1\" data-element_type=\"section\">\n\t\t\t\t\t\t<div class=\"elementor-container elementor-column-gap-extended\">\n\t\t\t\t\t<div class=\"elementor-column elementor-col-50 elementor-top-column elementor-element elementor-element-8c2df0c\" data-id=\"8c2df0c\" data-element_type=\"column\">\n\t\t\t<div class=\"elementor-widget-wrap elementor-element-populated\">\n\t\t\t\t\t\t<div class=\"elementor-element elementor-element-6119f4e elementor-widget elementor-widget-image\" data-id=\"6119f4e\" data-element_type=\"widget\" data-widget_type=\"image.default\">\n\t\t\t\t<div class=\"elementor-widget-container\">\n\t\t\t\t\t\t\t\t\t\t\t\t\t\t\t<img fetchpriority=\"high\" decoding=\"async\" width=\"1000\" height=\"750\" src=\"https:\/\/www.tracepigen.com\/wp-content\/uploads\/2021\/03\/about1.jpg\" class=\"attachment-large size-large wp-image-1285\" alt=\"\" srcset=\"https:\/\/www.tracepigen.com\/wp-content\/uploads\/2021\/03\/about1.jpg 1000w, https:\/\/www.tracepigen.com\/wp-content\/uploads\/2021\/03\/about1-300x225.jpg 300w, https:\/\/www.tracepigen.com\/wp-content\/uploads\/2021\/03\/about1-768x576.jpg 768w\" sizes=\"(max-width: 1000px) 100vw, 1000px\" \/>\t\t\t\t\t\t\t\t\t\t\t\t\t\t\t<\/div>\n\t\t\t\t<\/div>\n\t\t\t\t\t<\/div>\n\t\t<\/div>\n\t\t\t\t<div class=\"elementor-column elementor-col-50 elementor-top-column elementor-element elementor-element-56921b6\" data-id=\"56921b6\" data-element_type=\"column\" data-settings=\"{&quot;background_background&quot;:&quot;classic&quot;}\">\n\t\t\t<div class=\"elementor-widget-wrap elementor-element-populated\">\n\t\t\t\t\t\t<div class=\"elementor-element elementor-element-c6b8e4d elementor-widget elementor-widget-heading\" data-id=\"c6b8e4d\" data-element_type=\"widget\" data-widget_type=\"heading.default\">\n\t\t\t\t<div class=\"elementor-widget-container\">\n\t\t\t\t\t<h2 class=\"elementor-heading-title elementor-size-default\">Fighting cancer through research\n<\/h2>\t\t\t\t<\/div>\n\t\t\t\t<\/div>\n\t\t\t\t<div class=\"elementor-element elementor-element-47d6e85 elementor-widget elementor-widget-text-editor\" data-id=\"47d6e85\" data-element_type=\"widget\" data-widget_type=\"text-editor.default\">\n\t\t\t\t<div class=\"elementor-widget-container\">\n\t\t\t\t\t\t\t\t\t<p>Selection pressures exerted by therapeutic agents operate on the phenotypic variability acquired by the accumulation of genetic and epigenetic alterations during tumor evolution.<\/p><p>The aim of the TRACEPIGEN project is to develop and standardize a new pipeline for ultra-sensitive targeted cfDNA sequencing using single-step target enrichment and library preparation method that will allow us to test for the presence of variant DNA methylation marks and somatic mutations at single base resolution in minute quantities of cfDNA.<\/p><p>The standardized pipeline will be applied on prospectively collected serial plasma cfDNA samples from patients diagnosed with advanced stage colorectal (CRC) and non-small cell lung cancer (NSCLC) to evaluate the dynamics of genetic and epigenetic alterations in relation to therapy outcomes and the potential for earlier detection of drug therapy failure.<\/p>\t\t\t\t\t\t\t\t<\/div>\n\t\t\t\t<\/div>\n\t\t\t\t\t<\/div>\n\t\t<\/div>\n\t\t\t\t\t<\/div>\n\t\t<\/section>\n\t\t\t\t<section class=\"elementor-section elementor-top-section elementor-element elementor-element-7fad741 elementor-section-content-middle elementor-section-boxed elementor-section-height-default elementor-section-height-default\" data-id=\"7fad741\" data-element_type=\"section\">\n\t\t\t\t\t\t<div class=\"elementor-container elementor-column-gap-default\">\n\t\t\t\t\t<div class=\"elementor-column elementor-col-50 elementor-top-column elementor-element elementor-element-8a00934\" data-id=\"8a00934\" data-element_type=\"column\" data-settings=\"{&quot;background_background&quot;:&quot;classic&quot;}\">\n\t\t\t<div class=\"elementor-widget-wrap elementor-element-populated\">\n\t\t\t\t\t\t<div class=\"elementor-element elementor-element-db90e1e elementor-widget elementor-widget-heading\" data-id=\"db90e1e\" data-element_type=\"widget\" data-widget_type=\"heading.default\">\n\t\t\t\t<div class=\"elementor-widget-container\">\n\t\t\t\t\t<h2 class=\"elementor-heading-title elementor-size-default\">Precizna medicina<\/h2>\t\t\t\t<\/div>\n\t\t\t\t<\/div>\n\t\t\t\t<div class=\"elementor-element elementor-element-e923ad2 elementor-widget elementor-widget-text-editor\" data-id=\"e923ad2\" data-element_type=\"widget\" data-widget_type=\"text-editor.default\">\n\t\t\t\t<div class=\"elementor-widget-container\">\n\t\t\t\t\t\t\t\t\t<p style=\"text-align: justify;\">Ve\u0107ina karcinoma plu\u0107a i kolorektuma koji su otkriveni u kasnim stadijumima kada operacija nije mogu\u0107a, nakon prvobitnog dobrog odgovora na farmakoterapiju, nastavljaju da rastu i ugro\u017eavaju \u017eivot pacijenata. Do otpornosti na terapiju dolazi jer se tokom le\u010denja i sam tumor menja, menjaju se njegove geneti\u010dke i epigeneti\u010dke karakteristike koje mu omogu\u0107avaju da pre\u017eivi i postane otporan na le\u010denje.<\/p><p style=\"text-align: justify;\">TRACEPIGEN projekat ima za cilj da ispita geneti\u010dke i epigeneti\u010dke promene koje se de\u0161avaju u karcinomima plu\u0107a i kolorektuma tokom primene sistemske terapije a koje mu omogu\u0107avaju otpornost na le\u010denje i uzrokuju ponovnu pojavu bolesti.<\/p>\t\t\t\t\t\t\t\t<\/div>\n\t\t\t\t<\/div>\n\t\t\t\t\t<\/div>\n\t\t<\/div>\n\t\t\t\t<div class=\"elementor-column elementor-col-50 elementor-top-column elementor-element elementor-element-fc1367c\" data-id=\"fc1367c\" data-element_type=\"column\">\n\t\t\t<div class=\"elementor-widget-wrap elementor-element-populated\">\n\t\t\t\t\t\t<div class=\"elementor-element elementor-element-39a5c3b elementor-widget elementor-widget-image\" data-id=\"39a5c3b\" data-element_type=\"widget\" data-widget_type=\"image.default\">\n\t\t\t\t<div class=\"elementor-widget-container\">\n\t\t\t\t\t\t\t\t\t\t\t\t\t\t\t<img decoding=\"async\" width=\"1024\" height=\"768\" src=\"https:\/\/www.tracepigen.com\/wp-content\/uploads\/2021\/03\/lungs_grid.jpg\" class=\"attachment-large size-large wp-image-529\" alt=\"\" srcset=\"https:\/\/www.tracepigen.com\/wp-content\/uploads\/2021\/03\/lungs_grid.jpg 1024w, https:\/\/www.tracepigen.com\/wp-content\/uploads\/2021\/03\/lungs_grid-300x225.jpg 300w, https:\/\/www.tracepigen.com\/wp-content\/uploads\/2021\/03\/lungs_grid-768x576.jpg 768w\" sizes=\"(max-width: 1024px) 100vw, 1024px\" \/>\t\t\t\t\t\t\t\t\t\t\t\t\t\t\t<\/div>\n\t\t\t\t<\/div>\n\t\t\t\t\t<\/div>\n\t\t<\/div>\n\t\t\t\t\t<\/div>\n\t\t<\/section>\n\t\t\t\t<section class=\"elementor-section elementor-top-section elementor-element elementor-element-2f43adf elementor-section-content-middle elementor-section-boxed elementor-section-height-default elementor-section-height-default\" data-id=\"2f43adf\" data-element_type=\"section\">\n\t\t\t\t\t\t<div class=\"elementor-container elementor-column-gap-default\">\n\t\t\t\t\t<div class=\"elementor-column elementor-col-50 elementor-top-column elementor-element elementor-element-a8e695d\" data-id=\"a8e695d\" data-element_type=\"column\">\n\t\t\t<div class=\"elementor-widget-wrap elementor-element-populated\">\n\t\t\t\t\t\t<div class=\"elementor-element elementor-element-6d082ce elementor-widget elementor-widget-image\" data-id=\"6d082ce\" data-element_type=\"widget\" data-widget_type=\"image.default\">\n\t\t\t\t<div class=\"elementor-widget-container\">\n\t\t\t\t\t\t\t\t\t\t\t\t\t\t\t<img decoding=\"async\" width=\"1362\" height=\"902\" src=\"https:\/\/www.tracepigen.com\/wp-content\/uploads\/2021\/02\/DNKA-slika3.jpg\" class=\"attachment-full size-full wp-image-203\" alt=\"\" srcset=\"https:\/\/www.tracepigen.com\/wp-content\/uploads\/2021\/02\/DNKA-slika3.jpg 1362w, https:\/\/www.tracepigen.com\/wp-content\/uploads\/2021\/02\/DNKA-slika3-300x199.jpg 300w, https:\/\/www.tracepigen.com\/wp-content\/uploads\/2021\/02\/DNKA-slika3-1024x678.jpg 1024w, https:\/\/www.tracepigen.com\/wp-content\/uploads\/2021\/02\/DNKA-slika3-768x509.jpg 768w\" sizes=\"(max-width: 1362px) 100vw, 1362px\" \/>\t\t\t\t\t\t\t\t\t\t\t\t\t\t\t<\/div>\n\t\t\t\t<\/div>\n\t\t\t\t\t<\/div>\n\t\t<\/div>\n\t\t\t\t<div class=\"elementor-column elementor-col-50 elementor-top-column elementor-element elementor-element-c01b051\" data-id=\"c01b051\" data-element_type=\"column\" data-settings=\"{&quot;background_background&quot;:&quot;classic&quot;}\">\n\t\t\t<div class=\"elementor-widget-wrap elementor-element-populated\">\n\t\t\t\t\t\t<div class=\"elementor-element elementor-element-ded5d93 elementor-widget elementor-widget-heading\" data-id=\"ded5d93\" data-element_type=\"widget\" data-widget_type=\"heading.default\">\n\t\t\t\t<div class=\"elementor-widget-container\">\n\t\t\t\t\t<h2 class=\"elementor-heading-title elementor-size-default\">Molekularno tumorsko profilisanje<\/h2>\t\t\t\t<\/div>\n\t\t\t\t<\/div>\n\t\t\t\t<div class=\"elementor-element elementor-element-9517251 elementor-widget elementor-widget-text-editor\" data-id=\"9517251\" data-element_type=\"widget\" data-widget_type=\"text-editor.default\">\n\t\t\t\t<div class=\"elementor-widget-container\">\n\t\t\t\t\t\t\t\t\t<p style=\"text-align: justify;\">Po\u010detak 21. veka ozna\u010dio je i kraj desetogodi\u0161njeg projekta sekvenciranja humanog genoma. Ovaj zna\u010dajan nau\u010dni dogadjaj pokrenuo je lavinu novih tehnolo\u0161kih i nau\u010dnih otkri\u0107a koja su u velikoj meri doprineli boljem razumevanju molekularnih mehanizama koji vode nastanku humanih kancera. Nove informacije doprinele su i razvoju velikog broja ciljanih lekova koji na precizan na\u010din deluju direktno na \u0107elije kancera ne izazivaju\u0107i \u0161tetne efekte na zdrave \u0107elije organizma.<\/p><p style=\"text-align: justify;\">Precizna medicina se bazira na ispitivanju molekularnih karakteristika tumora, primeni ciljanih lekova i terapeutskih mera koje \u0107e odre\u0111enoj grupi pacijenata sa karakteristi\u010dnim molekularnim profilom doneti najve\u0107u dobrobit. Molekularno profilisanje tumora zna\u010dajno je u svetlu dobijanja preciznih, klini\u010dki zna\u010dajnih dijagnosti\u010dkih i prognosti\u010dkih informacija. Ovakav, personalizovan pristup le\u010denju u mnogome je unapredio onkolo\u0161ko le\u010denje i pobolj\u0161ao ishod bolesti zahvaljuju\u0107i ciljanim terapijama.<\/p><p style=\"text-align: justify;\">I pored velikog broja novih lekova krojenih po potrebama svakog pojedina\u010dnog pacijenta, jedan od najva\u017enijih problema koji se javlja prilikom le\u010denja karcinoma jeste pojava rezistencije, tj. otpornosti tumora na sistemsku terapiju. Ponovna pojava bolesti nakon dobrog po\u010detnog odgovora na primenjenu terapiju kracinoma plu\u0107a i karcinoma kolorektuma je problem koji projekat TRACEPIGEN ispituje.<\/p>\t\t\t\t\t\t\t\t<\/div>\n\t\t\t\t<\/div>\n\t\t\t\t\t<\/div>\n\t\t<\/div>\n\t\t\t\t\t<\/div>\n\t\t<\/section>\n\t\t\t\t<section class=\"elementor-section elementor-top-section elementor-element elementor-element-eb6ce34 elementor-section-content-middle elementor-section-boxed elementor-section-height-default elementor-section-height-default\" data-id=\"eb6ce34\" data-element_type=\"section\">\n\t\t\t\t\t\t<div class=\"elementor-container elementor-column-gap-extended\">\n\t\t\t\t\t<div class=\"elementor-column elementor-col-50 elementor-top-column elementor-element elementor-element-8bad9bc\" data-id=\"8bad9bc\" data-element_type=\"column\" data-settings=\"{&quot;background_background&quot;:&quot;classic&quot;}\">\n\t\t\t<div class=\"elementor-widget-wrap elementor-element-populated\">\n\t\t\t\t\t\t<div class=\"elementor-element elementor-element-d7c7c7d elementor-widget__width-auto elementor-widget elementor-widget-heading\" data-id=\"d7c7c7d\" data-element_type=\"widget\" data-widget_type=\"heading.default\">\n\t\t\t\t<div class=\"elementor-widget-container\">\n\t\t\t\t\t<h2 class=\"elementor-heading-title elementor-size-default\">Te\u010dne biopsije<\/h2>\t\t\t\t<\/div>\n\t\t\t\t<\/div>\n\t\t\t\t<div class=\"elementor-element elementor-element-55c0e85 elementor-widget elementor-widget-text-editor\" data-id=\"55c0e85\" data-element_type=\"widget\" data-widget_type=\"text-editor.default\">\n\t\t\t\t<div class=\"elementor-widget-container\">\n\t\t\t\t\t\t\t\t\t<p style=\"text-align: justify;\">Te\u010dne biopsije predstavljaju nove, neinvazivne metode analize tumorskog materijala koji cirkuli\u0161e u krvi pacijenata. Ova inovativna tehnologija omogu\u0107ava prevazila\u017eenje ograni\u010denja koje imaju tradicionalne metode biopsije tumorskog tkiva. Obzirom da su po prirodi invazivne, standardne tumorske biopsije je nekada te\u0161ko izvesti a gotovo je nemogu\u0107e raditi ih redovno u odredjenim vremenskim intervalima kada bi se pacijenti izlagali rizicima od izvodjenja ovih procedura. Izolacija tumorskog materijala iz seruma pacijenata stoga predstavlja veliki napredak u klini\u010dkoj onkologiji obzirom da se na neinvazivan na\u010din, jednostavnim vadjenjem krvi, mo\u017ee ispitivati molekularni profil kako primarnih tumora tako i metastaza. Takodje, serijskim vadjenjem krvi i analizom tumorske DNK mogu\u0107e je pratiti tok bolesti i odgovor na terapiju. Prisustvo cirkuli\u0161u\u0107e tumorske DNK pokazano je \u010dak i kod tumora u ranim stadijumima, a brojne studije objavljuju korist ispitivanja cirkuli\u0161u\u0107e tumorske DNK kod pacijenata sa uznapredovalim karcinomima. Cirkuli\u0161u\u0107a tumorska DNK u sebi nosi ne samo tumor-specifi\u010dne promene u sekvenci DNK nego i specifi\u010dne epigeneti\u010dke markere pre svega metilacione profile DNK koji predstavljaju sliku primarnog tumora. Iako pokazuje brojne prednosti, te\u010dne biopsije jo\u0161 uvek nisu u\u0161le u rutinsku klini\u010dku praksu obzirom na brojna ograni\u010denja sa kojim se suo\u010davaju.<\/p><p style=\"text-align: justify;\">Jo\u0161 uvek je nepoznanica u kojoj meri \u0107e te\u010dne biopsije mo\u0107i da zamene standardni pristup uzimanja uzoraka tumorskog tkiva. U dijagnostici primarnih tumora ili pri utvrdjivanju stadijuma metastatskih lezija kod tkiva kod kojih je te\u0161ko standardno uzeti biopsiju, te\u010dna biopsija mo\u017ee biti pouzdana alternativa.<\/p>\t\t\t\t\t\t\t\t<\/div>\n\t\t\t\t<\/div>\n\t\t\t\t\t<\/div>\n\t\t<\/div>\n\t\t\t\t<div class=\"elementor-column elementor-col-50 elementor-top-column elementor-element elementor-element-86a5424\" data-id=\"86a5424\" data-element_type=\"column\">\n\t\t\t<div class=\"elementor-widget-wrap elementor-element-populated\">\n\t\t\t\t\t\t<div class=\"elementor-element elementor-element-f65d5a8 elementor-widget elementor-widget-image\" data-id=\"f65d5a8\" data-element_type=\"widget\" data-widget_type=\"image.default\">\n\t\t\t\t<div class=\"elementor-widget-container\">\n\t\t\t\t\t\t\t\t\t\t\t\t\t\t\t<img loading=\"lazy\" decoding=\"async\" width=\"1344\" height=\"896\" src=\"https:\/\/www.tracepigen.com\/wp-content\/uploads\/2021\/03\/louis-reed-pwcKF7L4-no-unsplash.jpg\" class=\"attachment-full size-full wp-image-468\" alt=\"\" srcset=\"https:\/\/www.tracepigen.com\/wp-content\/uploads\/2021\/03\/louis-reed-pwcKF7L4-no-unsplash.jpg 1344w, https:\/\/www.tracepigen.com\/wp-content\/uploads\/2021\/03\/louis-reed-pwcKF7L4-no-unsplash-300x200.jpg 300w, https:\/\/www.tracepigen.com\/wp-content\/uploads\/2021\/03\/louis-reed-pwcKF7L4-no-unsplash-1024x683.jpg 1024w, https:\/\/www.tracepigen.com\/wp-content\/uploads\/2021\/03\/louis-reed-pwcKF7L4-no-unsplash-768x512.jpg 768w\" sizes=\"(max-width: 1344px) 100vw, 1344px\" \/>\t\t\t\t\t\t\t\t\t\t\t\t\t\t\t<\/div>\n\t\t\t\t<\/div>\n\t\t\t\t<div class=\"elementor-element elementor-element-dc4713a elementor-widget elementor-widget-image\" data-id=\"dc4713a\" data-element_type=\"widget\" data-widget_type=\"image.default\">\n\t\t\t\t<div class=\"elementor-widget-container\">\n\t\t\t\t\t\t\t\t\t\t\t\t\t\t\t<img loading=\"lazy\" decoding=\"async\" width=\"466\" height=\"262\" src=\"https:\/\/www.tracepigen.com\/wp-content\/uploads\/2021\/03\/liquid-biopsy_mjnw.jpg\" class=\"attachment-full size-full wp-image-559\" alt=\"\" srcset=\"https:\/\/www.tracepigen.com\/wp-content\/uploads\/2021\/03\/liquid-biopsy_mjnw.jpg 466w, https:\/\/www.tracepigen.com\/wp-content\/uploads\/2021\/03\/liquid-biopsy_mjnw-300x169.jpg 300w\" sizes=\"(max-width: 466px) 100vw, 466px\" \/>\t\t\t\t\t\t\t\t\t\t\t\t\t\t\t<\/div>\n\t\t\t\t<\/div>\n\t\t\t\t\t<\/div>\n\t\t<\/div>\n\t\t\t\t\t<\/div>\n\t\t<\/section>\n\t\t\t\t<\/div>\n\t\t","protected":false},"excerpt":{"rendered":"<p>O nama Home > Fighting cancer through research Selection pressures exerted by therapeutic agents operate on the phenotypic variability acquired by the accumulation of genetic and epigenetic alterations during tumor evolution. The aim of the TRACEPIGEN project is to develop and standardize a new pipeline for ultra-sensitive targeted cfDNA sequencing using single-step target enrichment and [&hellip;]<\/p>\n","protected":false},"author":1,"featured_media":0,"parent":0,"menu_order":0,"comment_status":"closed","ping_status":"closed","template":"elementor_header_footer","meta":{"site-sidebar-layout":"no-sidebar","site-content-layout":"page-builder","ast-site-content-layout":"","site-content-style":"default","site-sidebar-style":"default","ast-global-header-display":"","ast-banner-title-visibility":"","ast-main-header-display":"","ast-hfb-above-header-display":"","ast-hfb-below-header-display":"","ast-hfb-mobile-header-display":"","site-post-title":"disabled","ast-breadcrumbs-content":"","ast-featured-img":"disabled","footer-sml-layout":"","theme-transparent-header-meta":"default","adv-header-id-meta":"","stick-header-meta":"default","header-above-stick-meta":"","header-main-stick-meta":"","header-below-stick-meta":"","astra-migrate-meta-layouts":"default","ast-page-background-enabled":"default","ast-page-background-meta":{"desktop":{"background-color":"","background-image":"","background-repeat":"repeat","background-position":"center center","background-size":"auto","background-attachment":"scroll","background-type":"","background-media":"","overlay-type":"","overlay-color":"","overlay-opacity":"","overlay-gradient":""},"tablet":{"background-color":"","background-image":"","background-repeat":"repeat","background-position":"center center","background-size":"auto","background-attachment":"scroll","background-type":"","background-media":"","overlay-type":"","overlay-color":"","overlay-opacity":"","overlay-gradient":""},"mobile":{"background-color":"","background-image":"","background-repeat":"repeat","background-position":"center center","background-size":"auto","background-attachment":"scroll","background-type":"","background-media":"","overlay-type":"","overlay-color":"","overlay-opacity":"","overlay-gradient":""}},"ast-content-background-meta":{"desktop":{"background-color":"var(--ast-global-color-5)","background-image":"","background-repeat":"repeat","background-position":"center center","background-size":"auto","background-attachment":"scroll","background-type":"","background-media":"","overlay-type":"","overlay-color":"","overlay-opacity":"","overlay-gradient":""},"tablet":{"background-color":"var(--ast-global-color-5)","background-image":"","background-repeat":"repeat","background-position":"center center","background-size":"auto","background-attachment":"scroll","background-type":"","background-media":"","overlay-type":"","overlay-color":"","overlay-opacity":"","overlay-gradient":""},"mobile":{"background-color":"var(--ast-global-color-5)","background-image":"","background-repeat":"repeat","background-position":"center center","background-size":"auto","background-attachment":"scroll","background-type":"","background-media":"","overlay-type":"","overlay-color":"","overlay-opacity":"","overlay-gradient":""}},"footnotes":""},"class_list":["post-1545","page","type-page","status-publish","hentry"],"_links":{"self":[{"href":"https:\/\/www.tracepigen.com\/sr\/wp-json\/wp\/v2\/pages\/1545","targetHints":{"allow":["GET"]}}],"collection":[{"href":"https:\/\/www.tracepigen.com\/sr\/wp-json\/wp\/v2\/pages"}],"about":[{"href":"https:\/\/www.tracepigen.com\/sr\/wp-json\/wp\/v2\/types\/page"}],"author":[{"embeddable":true,"href":"https:\/\/www.tracepigen.com\/sr\/wp-json\/wp\/v2\/users\/1"}],"replies":[{"embeddable":true,"href":"https:\/\/www.tracepigen.com\/sr\/wp-json\/wp\/v2\/comments?post=1545"}],"version-history":[{"count":19,"href":"https:\/\/www.tracepigen.com\/sr\/wp-json\/wp\/v2\/pages\/1545\/revisions"}],"predecessor-version":[{"id":1648,"href":"https:\/\/www.tracepigen.com\/sr\/wp-json\/wp\/v2\/pages\/1545\/revisions\/1648"}],"wp:attachment":[{"href":"https:\/\/www.tracepigen.com\/sr\/wp-json\/wp\/v2\/media?parent=1545"}],"curies":[{"name":"wp","href":"https:\/\/api.w.org\/{rel}","templated":true}]}}